{"id":1297,"date":"2022-10-24T16:44:46","date_gmt":"2022-10-24T14:44:46","guid":{"rendered":"https:\/\/physiowenneker.de\/?page_id=1297"},"modified":"2022-12-16T16:17:00","modified_gmt":"2022-12-16T15:17:00","slug":"mckenzie-konzept-physiotherapie-wenneker","status":"publish","type":"page","link":"https:\/\/physiowenneker.de\/en\/mckenzie-konzept-physiotherapie-wenneker\/","title":{"rendered":"McKenzie Concept"},"content":{"rendered":"<p><div class=\"fusion-fullwidth fullwidth-box fusion-builder-row-1 fusion-flex-container has-pattern-background has-mask-background hundred-percent-fullwidth non-hundred-percent-height-scrolling\" style=\"--awb-border-radius-top-left:0px;--awb-border-radius-top-right:0px;--awb-border-radius-bottom-right:0px;--awb-border-radius-bottom-left:0px;--awb-margin-top:-60px;--awb-min-height:10px;--awb-background-image:linear-gradient(180deg, rgba(36,51,116,0.28) 0%,rgba(36,51,116,0) 50%);--awb-flex-wrap:wrap;\" ><div class=\"fusion-builder-row fusion-row fusion-flex-align-items-flex-start fusion-flex-content-wrap\" style=\"width:104% !important;max-width:104% !important;margin-left: calc(-4% \/ 2 );margin-right: calc(-4% \/ 2 );\"><div class=\"fusion-layout-column fusion_builder_column fusion-builder-column-0 fusion_builder_column_1_1 1_1 fusion-flex-column\" style=\"--awb-bg-size:cover;--awb-width-large:100%;--awb-margin-top-large:0px;--awb-spacing-right-large:1.92%;--awb-margin-bottom-large:20px;--awb-spacing-left-large:1.92%;--awb-width-medium:100%;--awb-order-medium:0;--awb-spacing-right-medium:1.92%;--awb-spacing-left-medium:1.92%;--awb-width-small:100%;--awb-order-small:0;--awb-spacing-right-small:1.92%;--awb-spacing-left-small:1.92%;\"><div class=\"fusion-column-wrapper fusion-column-has-shadow fusion-flex-justify-content-flex-start fusion-content-layout-column\"><\/div><\/div><\/div><\/div><div class=\"fusion-fullwidth fullwidth-box fusion-builder-row-2 fusion-flex-container nonhundred-percent-fullwidth non-hundred-percent-height-scrolling\" style=\"--awb-border-radius-top-left:0px;--awb-border-radius-top-right:0px;--awb-border-radius-bottom-right:0px;--awb-border-radius-bottom-left:0px;--awb-flex-wrap:wrap;\" ><div class=\"fusion-builder-row fusion-row fusion-flex-align-items-flex-start fusion-flex-content-wrap\" style=\"max-width:1248px;margin-left: calc(-4% \/ 2 );margin-right: calc(-4% \/ 2 );\"><div class=\"fusion-layout-column fusion_builder_column fusion-builder-column-1 fusion_builder_column_1_2 1_2 fusion-flex-column\" style=\"--awb-bg-size:cover;--awb-width-large:50%;--awb-margin-top-large:0px;--awb-spacing-right-large:3.84%;--awb-margin-bottom-large:20px;--awb-spacing-left-large:3.84%;--awb-width-medium:50%;--awb-order-medium:0;--awb-spacing-right-medium:3.84%;--awb-spacing-left-medium:3.84%;--awb-width-small:100%;--awb-order-small:0;--awb-spacing-right-small:1.92%;--awb-spacing-left-small:1.92%;\"><div class=\"fusion-column-wrapper fusion-column-has-shadow fusion-flex-justify-content-flex-start fusion-content-layout-column\"><div class=\"fusion-separator fusion-full-width-sep\" style=\"align-self: center;margin-left: auto;margin-right: auto;margin-top:19%;width:100%;\"><\/div><div class=\"fusion-image-element\" style=\"text-align:right;--awb-margin-top:10px;--awb-margin-right:5px;--awb-caption-title-font-family:var(--h2_typography-font-family);--awb-caption-title-font-weight:var(--h2_typography-font-weight);--awb-caption-title-font-style:var(--h2_typography-font-style);--awb-caption-title-size:var(--h2_typography-font-size);--awb-caption-title-transform:var(--h2_typography-text-transform);--awb-caption-title-line-height:var(--h2_typography-line-height);--awb-caption-title-letter-spacing:var(--h2_typography-letter-spacing);\"><span class=\"fusion-imageframe imageframe-none imageframe-1 hover-type-none\"><img decoding=\"async\" width=\"471\" height=\"130\" alt=\"McKenzie Institut\" title=\"McKenzie Institut\" src=\"https:\/\/physiowenneker.de\/wp-content\/uploads\/2022\/10\/McKenzieInstitut.jpg\" class=\"img-responsive wp-image-1301\" srcset=\"https:\/\/physiowenneker.de\/wp-content\/uploads\/2022\/10\/McKenzieInstitut-200x55.jpg 200w, https:\/\/physiowenneker.de\/wp-content\/uploads\/2022\/10\/McKenzieInstitut-400x110.jpg 400w, https:\/\/physiowenneker.de\/wp-content\/uploads\/2022\/10\/McKenzieInstitut.jpg 471w\" sizes=\"(max-width: 640px) 100vw, 471px\" \/><\/span><\/div><div class=\"fusion-image-element\" style=\"text-align:right;--awb-margin-top:50%;--awb-margin-right:5px;--awb-max-width:320px;--awb-caption-title-font-family:var(--h2_typography-font-family);--awb-caption-title-font-weight:var(--h2_typography-font-weight);--awb-caption-title-font-style:var(--h2_typography-font-style);--awb-caption-title-size:var(--h2_typography-font-size);--awb-caption-title-transform:var(--h2_typography-text-transform);--awb-caption-title-line-height:var(--h2_typography-line-height);--awb-caption-title-letter-spacing:var(--h2_typography-letter-spacing);\"><span class=\"fusion-imageframe imageframe-none imageframe-2 hover-type-none\"><img decoding=\"async\" width=\"1280\" height=\"1920\" alt=\"Physiotherapie Wenneker Freudenstadt\" title=\"Physiotherapie Wenneker Freudenstadt\" src=\"https:\/\/physiowenneker.de\/wp-content\/uploads\/2022\/10\/PhysioWenneker-1355-1920px.jpg\" class=\"img-responsive wp-image-1192\" srcset=\"https:\/\/physiowenneker.de\/wp-content\/uploads\/2022\/10\/PhysioWenneker-1355-1920px-200x300.jpg 200w, https:\/\/physiowenneker.de\/wp-content\/uploads\/2022\/10\/PhysioWenneker-1355-1920px-400x600.jpg 400w, https:\/\/physiowenneker.de\/wp-content\/uploads\/2022\/10\/PhysioWenneker-1355-1920px-600x900.jpg 600w, https:\/\/physiowenneker.de\/wp-content\/uploads\/2022\/10\/PhysioWenneker-1355-1920px-800x1200.jpg 800w, https:\/\/physiowenneker.de\/wp-content\/uploads\/2022\/10\/PhysioWenneker-1355-1920px-1200x1800.jpg 1200w, https:\/\/physiowenneker.de\/wp-content\/uploads\/2022\/10\/PhysioWenneker-1355-1920px.jpg 1280w\" sizes=\"(max-width: 640px) 100vw, 600px\" \/><\/span><\/div><\/div><\/div><div class=\"fusion-layout-column fusion_builder_column fusion-builder-column-2 fusion_builder_column_1_2 1_2 fusion-flex-column\" style=\"--awb-bg-size:cover;--awb-width-large:50%;--awb-margin-top-large:0px;--awb-spacing-right-large:3.84%;--awb-margin-bottom-large:20px;--awb-spacing-left-large:3.84%;--awb-width-medium:50%;--awb-order-medium:0;--awb-spacing-right-medium:3.84%;--awb-spacing-left-medium:3.84%;--awb-width-small:100%;--awb-order-small:0;--awb-spacing-right-small:1.92%;--awb-spacing-left-small:1.92%;\"><div class=\"fusion-column-wrapper fusion-column-has-shadow fusion-flex-justify-content-flex-start fusion-content-layout-column\"><div class=\"fusion-separator fusion-full-width-sep\" style=\"align-self: center;margin-left: auto;margin-right: auto;margin-top:5%;width:100%;\"><\/div><div class=\"fusion-text fusion-text-1\" style=\"--awb-text-color:var(--awb-color4);\"><h1 class=\"p1\" style=\"text-align: left;\">McKENZIE-CONCEPT<\/h1>\n<\/div><div class=\"fusion-text fusion-text-2\"><p>A modern (not only) back therapy concept. The McKenzie Concept (also MDT = Mechanical Diagnosis and Therapy) was developed by the New Zealand physiotherapist Robin McKenzie.<\/p>\n<p><strong>STATUS:<\/strong><br \/>\nModul A + B<\/p>\n<p>&#8220;In den 50er Jahren entdeckte der neuseel\u00e4ndische Physiotherapeut Robin McKenzie, dass es innerhalb der gro\u00dfen Gruppe \u201egutartiger\u201c R\u00fcckenschmerzen sehr viele Patienten gibt, die durch bestimmte Bewegungen und Haltungen wesentlich schneller und dauerhaft schmerzfrei werden, als durch \u00fcbliche Standardbehandlungen.<\/p>\n<p>He gained experience and stimulated scientific research. More than 20 years later he confronted the world of medicine with his findings.<\/p>\n<p>McKenzies Auffassung l\u00e4\u00dft sich folgenderma\u00dfen umschreiben: \u201eanatomische Diagnosen\u201c sind an Wirbels\u00e4ule und Gelenken selten m\u00f6glich und wenig hilfreich f\u00fcr die Behandlung. Es ist effektiver, Beschwerden danach einzuteilen, welche Therapie dem Betroffenen hilft. MDT nach McKenzie setzt prim\u00e4r Eigen\u00fcbungen der Patienten ein und reduziert manuelle Techniken auf ein Minimum. Erst wenn das dem jeweiligen Beschwerdebild angepasste \u00dcbungsprogramm in der Intensit\u00e4t nicht ausreicht, hilft der McKenzie-Therapeut mit bestimmten Handgriffen nach, um den \u00dcbungseffekt zu intensivieren.&#8221;<\/p>\n<p>See the website of the McKenzie Institute at <a href=\"http:\/\/de.mckenzieinstitute.org\" target=\"_blank\" rel=\"noopener\">de.mckenzieinstitute.org<\/a> for more information.<\/p>\n<\/div><\/div><\/div><div class=\"fusion-layout-column fusion_builder_column fusion-builder-column-3 fusion_builder_column_1_1 1_1 fusion-flex-column\" style=\"--awb-bg-size:cover;--awb-width-large:100%;--awb-margin-top-large:0px;--awb-spacing-right-large:1.92%;--awb-margin-bottom-large:20px;--awb-spacing-left-large:1.92%;--awb-width-medium:100%;--awb-order-medium:0;--awb-spacing-right-medium:1.92%;--awb-spacing-left-medium:1.92%;--awb-width-small:100%;--awb-order-small:0;--awb-spacing-right-small:1.92%;--awb-spacing-left-small:1.92%;\"><div class=\"fusion-column-wrapper fusion-column-has-shadow fusion-flex-justify-content-flex-start fusion-content-layout-column\"><div class=\"fusion-separator fusion-full-width-sep\" style=\"align-self: center;margin-left: auto;margin-right: auto;margin-top:5%;width:100%;\"><\/div><\/div><\/div><\/div><\/div><\/p>","protected":false},"excerpt":{"rendered":"","protected":false},"author":3,"featured_media":0,"parent":0,"menu_order":0,"comment_status":"closed","ping_status":"closed","template":"100-width.php","meta":{"footnotes":""},"class_list":["post-1297","page","type-page","status-publish","hentry"],"yoast_head":"<!-- This site is optimized with the Yoast SEO plugin v27.3 - https:\/\/yoast.com\/product\/yoast-seo-wordpress\/ -->\n<title>McKenzie Konzept - Physiotherapie A.Wenneker<\/title>\n<meta name=\"description\" content=\"Das McKenzie-Konzept (auch MDT = Mechanische Diagnose und Therapie) wurde von dem neuseel\u00e4ndischen Physiotherapeut Robin McKenzie entwickelt.\" \/>\n<meta name=\"robots\" content=\"index, follow, max-snippet:-1, max-image-preview:large, max-video-preview:-1\" \/>\n<link rel=\"canonical\" href=\"https:\/\/physiowenneker.de\/en\/mckenzie-konzept-physiotherapie-wenneker\/\" \/>\n<meta property=\"og:locale\" content=\"en_GB\" \/>\n<meta property=\"og:type\" content=\"article\" \/>\n<meta property=\"og:title\" content=\"McKenzie Konzept - Physiotherapie A.Wenneker\" \/>\n<meta property=\"og:description\" content=\"Das McKenzie-Konzept (auch MDT = Mechanische Diagnose und Therapie) wurde von dem neuseel\u00e4ndischen Physiotherapeut Robin McKenzie entwickelt.\" \/>\n<meta property=\"og:url\" content=\"https:\/\/physiowenneker.de\/en\/mckenzie-konzept-physiotherapie-wenneker\/\" \/>\n<meta property=\"og:site_name\" content=\"Physiotherapie A.Wenneker\" \/>\n<meta property=\"article:modified_time\" content=\"2022-12-16T15:17:00+00:00\" \/>\n<meta name=\"twitter:card\" content=\"summary_large_image\" \/>\n<meta name=\"twitter:label1\" content=\"Estimated reading time\" \/>\n\t<meta name=\"twitter:data1\" content=\"6 minutes\" \/>\n<script type=\"application\/ld+json\" class=\"yoast-schema-graph\">{\"@context\":\"https:\\\/\\\/schema.org\",\"@graph\":[{\"@type\":\"WebPage\",\"@id\":\"https:\\\/\\\/physiowenneker.de\\\/mckenzie-konzept-physiotherapie-wenneker\\\/\",\"url\":\"https:\\\/\\\/physiowenneker.de\\\/mckenzie-konzept-physiotherapie-wenneker\\\/\",\"name\":\"McKenzie Konzept - Physiotherapie A.Wenneker\",\"isPartOf\":{\"@id\":\"https:\\\/\\\/physiowenneker.de\\\/de\\\/#website\"},\"datePublished\":\"2022-10-24T14:44:46+00:00\",\"dateModified\":\"2022-12-16T15:17:00+00:00\",\"description\":\"Das McKenzie-Konzept (auch MDT = Mechanische Diagnose und Therapie) wurde von dem neuseel\u00e4ndischen Physiotherapeut Robin McKenzie entwickelt.\",\"breadcrumb\":{\"@id\":\"https:\\\/\\\/physiowenneker.de\\\/mckenzie-konzept-physiotherapie-wenneker\\\/#breadcrumb\"},\"inLanguage\":\"en-GB\",\"potentialAction\":[{\"@type\":\"ReadAction\",\"target\":[\"https:\\\/\\\/physiowenneker.de\\\/mckenzie-konzept-physiotherapie-wenneker\\\/\"]}]},{\"@type\":\"BreadcrumbList\",\"@id\":\"https:\\\/\\\/physiowenneker.de\\\/mckenzie-konzept-physiotherapie-wenneker\\\/#breadcrumb\",\"itemListElement\":[{\"@type\":\"ListItem\",\"position\":1,\"name\":\"Home\",\"item\":\"https:\\\/\\\/physiowenneker.de\\\/\"},{\"@type\":\"ListItem\",\"position\":2,\"name\":\"McKenzie Konzept\"}]},{\"@type\":\"WebSite\",\"@id\":\"https:\\\/\\\/physiowenneker.de\\\/de\\\/#website\",\"url\":\"https:\\\/\\\/physiowenneker.de\\\/de\\\/\",\"name\":\"Physiotherapie A.Wenneker\",\"description\":\"Krankengymnastik und Manuelle Therapie in der Praxis und bei Hausbesuchen\",\"publisher\":{\"@id\":\"https:\\\/\\\/physiowenneker.de\\\/de\\\/#organization\"},\"potentialAction\":[{\"@type\":\"SearchAction\",\"target\":{\"@type\":\"EntryPoint\",\"urlTemplate\":\"https:\\\/\\\/physiowenneker.de\\\/de\\\/?s={search_term_string}\"},\"query-input\":{\"@type\":\"PropertyValueSpecification\",\"valueRequired\":true,\"valueName\":\"search_term_string\"}}],\"inLanguage\":\"en-GB\"},{\"@type\":\"Organization\",\"@id\":\"https:\\\/\\\/physiowenneker.de\\\/de\\\/#organization\",\"name\":\"Physiotherapie A.Wenneker\",\"url\":\"https:\\\/\\\/physiowenneker.de\\\/de\\\/\",\"logo\":{\"@type\":\"ImageObject\",\"inLanguage\":\"en-GB\",\"@id\":\"https:\\\/\\\/physiowenneker.de\\\/de\\\/#\\\/schema\\\/logo\\\/image\\\/\",\"url\":\"https:\\\/\\\/physiowenneker.de\\\/wp-content\\\/uploads\\\/2020\\\/07\\\/cropped-thumbnail_Wenneker_Homepage.jpg\",\"contentUrl\":\"https:\\\/\\\/physiowenneker.de\\\/wp-content\\\/uploads\\\/2020\\\/07\\\/cropped-thumbnail_Wenneker_Homepage.jpg\",\"width\":1280,\"height\":172,\"caption\":\"Physiotherapie A.Wenneker\"},\"image\":{\"@id\":\"https:\\\/\\\/physiowenneker.de\\\/de\\\/#\\\/schema\\\/logo\\\/image\\\/\"}}]}<\/script>\n<!-- \/ Yoast SEO plugin. -->","yoast_head_json":{"title":"McKenzie Konzept - Physiotherapie A.Wenneker","description":"Das McKenzie-Konzept (auch MDT = Mechanische Diagnose und Therapie) wurde von dem neuseel\u00e4ndischen Physiotherapeut Robin McKenzie entwickelt.","robots":{"index":"index","follow":"follow","max-snippet":"max-snippet:-1","max-image-preview":"max-image-preview:large","max-video-preview":"max-video-preview:-1"},"canonical":"https:\/\/physiowenneker.de\/en\/mckenzie-konzept-physiotherapie-wenneker\/","og_locale":"en_GB","og_type":"article","og_title":"McKenzie Konzept - Physiotherapie A.Wenneker","og_description":"Das McKenzie-Konzept (auch MDT = Mechanische Diagnose und Therapie) wurde von dem neuseel\u00e4ndischen Physiotherapeut Robin McKenzie entwickelt.","og_url":"https:\/\/physiowenneker.de\/en\/mckenzie-konzept-physiotherapie-wenneker\/","og_site_name":"Physiotherapie A.Wenneker","article_modified_time":"2022-12-16T15:17:00+00:00","twitter_card":"summary_large_image","twitter_misc":{"Estimated reading time":"6 minutes"},"schema":{"@context":"https:\/\/schema.org","@graph":[{"@type":"WebPage","@id":"https:\/\/physiowenneker.de\/mckenzie-konzept-physiotherapie-wenneker\/","url":"https:\/\/physiowenneker.de\/mckenzie-konzept-physiotherapie-wenneker\/","name":"McKenzie Konzept - Physiotherapie A.Wenneker","isPartOf":{"@id":"https:\/\/physiowenneker.de\/de\/#website"},"datePublished":"2022-10-24T14:44:46+00:00","dateModified":"2022-12-16T15:17:00+00:00","description":"Das McKenzie-Konzept (auch MDT = Mechanische Diagnose und Therapie) wurde von dem neuseel\u00e4ndischen Physiotherapeut Robin McKenzie entwickelt.","breadcrumb":{"@id":"https:\/\/physiowenneker.de\/mckenzie-konzept-physiotherapie-wenneker\/#breadcrumb"},"inLanguage":"en-GB","potentialAction":[{"@type":"ReadAction","target":["https:\/\/physiowenneker.de\/mckenzie-konzept-physiotherapie-wenneker\/"]}]},{"@type":"BreadcrumbList","@id":"https:\/\/physiowenneker.de\/mckenzie-konzept-physiotherapie-wenneker\/#breadcrumb","itemListElement":[{"@type":"ListItem","position":1,"name":"Home","item":"https:\/\/physiowenneker.de\/"},{"@type":"ListItem","position":2,"name":"McKenzie Konzept"}]},{"@type":"WebSite","@id":"https:\/\/physiowenneker.de\/de\/#website","url":"https:\/\/physiowenneker.de\/de\/","name":"Physiotherapy A. Wenneker","description":"Krankengymnastik und Manuelle Therapie in der Praxis und bei Hausbesuchen","publisher":{"@id":"https:\/\/physiowenneker.de\/de\/#organization"},"potentialAction":[{"@type":"SearchAction","target":{"@type":"EntryPoint","urlTemplate":"https:\/\/physiowenneker.de\/de\/?s={search_term_string}"},"query-input":{"@type":"PropertyValueSpecification","valueRequired":true,"valueName":"search_term_string"}}],"inLanguage":"en-GB"},{"@type":"Organization","@id":"https:\/\/physiowenneker.de\/de\/#organization","name":"Physiotherapy A. Wenneker","url":"https:\/\/physiowenneker.de\/de\/","logo":{"@type":"ImageObject","inLanguage":"en-GB","@id":"https:\/\/physiowenneker.de\/de\/#\/schema\/logo\/image\/","url":"https:\/\/physiowenneker.de\/wp-content\/uploads\/2020\/07\/cropped-thumbnail_Wenneker_Homepage.jpg","contentUrl":"https:\/\/physiowenneker.de\/wp-content\/uploads\/2020\/07\/cropped-thumbnail_Wenneker_Homepage.jpg","width":1280,"height":172,"caption":"Physiotherapie A.Wenneker"},"image":{"@id":"https:\/\/physiowenneker.de\/de\/#\/schema\/logo\/image\/"}}]}},"_links":{"self":[{"href":"https:\/\/physiowenneker.de\/en\/wp-json\/wp\/v2\/pages\/1297","targetHints":{"allow":["GET"]}}],"collection":[{"href":"https:\/\/physiowenneker.de\/en\/wp-json\/wp\/v2\/pages"}],"about":[{"href":"https:\/\/physiowenneker.de\/en\/wp-json\/wp\/v2\/types\/page"}],"author":[{"embeddable":true,"href":"https:\/\/physiowenneker.de\/en\/wp-json\/wp\/v2\/users\/3"}],"replies":[{"embeddable":true,"href":"https:\/\/physiowenneker.de\/en\/wp-json\/wp\/v2\/comments?post=1297"}],"version-history":[{"count":17,"href":"https:\/\/physiowenneker.de\/en\/wp-json\/wp\/v2\/pages\/1297\/revisions"}],"predecessor-version":[{"id":1712,"href":"https:\/\/physiowenneker.de\/en\/wp-json\/wp\/v2\/pages\/1297\/revisions\/1712"}],"wp:attachment":[{"href":"https:\/\/physiowenneker.de\/en\/wp-json\/wp\/v2\/media?parent=1297"}],"curies":[{"name":"wp","href":"https:\/\/api.w.org\/{rel}","templated":true}]}}